{"id":75,"date":"2016-06-14T06:36:54","date_gmt":"2016-06-14T06:36:54","guid":{"rendered":"http:\/\/sw-themes.com\/porto_dummy\/?page_id=75"},"modified":"2023-10-17T10:36:48","modified_gmt":"2023-10-17T10:36:48","slug":"contact","status":"publish","type":"page","link":"https:\/\/paos.az\/az\/contact\/","title":{"rendered":"\u018flaq\u0259"},"content":{"rendered":"<p>[vc_row full_width=&#8221;stretch_row_content_no_spaces&#8221; disable_element=&#8221;yes&#8221;][vc_column]<div id='wrap_map_69f0e042bb162' class='porto-map-wrapper porto-adjust-bottom-margin ' style=' height:400px;'><div id='map_69f0e042bb162' data-map_override='0' class='porto_google_map wpb_content_element ' style='width:100%;height:400px;'><\/div><\/div><script type='text\/javascript'>\r\n(function($) {\r\n'use strict';\r\nif (typeof google != 'undefined') {\r\n    var map_map_69f0e042bb162 = null;\r\n    var coordinate_map_69f0e042bb162;\r\n    var isDraggable = $(document).width() > 640 ? true : true;\r\n    try\r\n    {\r\n        var map_map_69f0e042bb162 = null;\r\n        var coordinate_map_69f0e042bb162;\r\n        coordinate_map_69f0e042bb162=new google.maps.LatLng(40.75198, -73.96978);\r\n        var mapOptions=\r\n        {\r\n            zoom: 16,\r\n            center: coordinate_map_69f0e042bb162,\r\n            scaleControl: true,\r\n            streetViewControl: true,\r\n            mapTypeControl: true,\r\n            panControl: true,\r\n            zoomControl: true,\r\n            scrollwheel: false,\r\n            draggable: isDraggable,\r\n            zoomControlOptions: {\r\n                position: google.maps.ControlPosition.RIGHT_BOTTOM\r\n            }, mapTypeControlOptions: {\r\n                    mapTypeIds: [google.maps.MapTypeId.ROADMAP, 'map_style']\r\n                }};var styles = [\n    {\n        \"stylers\": [\n            {\n                \"hue\": \"#0088cc\"\n            }\n        ]\n    },\n    {\n        \"featureType\": \"road\",\n        \"elementType\": \"geometry\",\n        \"stylers\": [\n            {\n                \"lightness\": 0\n            },\n            {\n                \"visibility\": \"simplified\"\n            }\n        ]\n    },\n    {\n        \"featureType\": \"road\",\n        \"elementType\": \"labels\",\n        \"stylers\": [\n            {\n                \"visibility\": \"off\"\n            }\n        ]\n    }\n];\r\n                var styledMap = new google.maps.StyledMapType(styles,\r\n                    {name: \"Styled Map\"});var map_map_69f0e042bb162 = new google.maps.Map(document.getElementById('map_69f0e042bb162'),mapOptions);map_map_69f0e042bb162.mapTypes.set('map_style', styledMap);\r\n                     map_map_69f0e042bb162.setMapTypeId('map_style');\r\n                var x = 'off';\r\n                var marker_map_69f0e042bb162 = new google.maps.Marker({\r\n                position: new google.maps.LatLng(40.75198, -73.96978),\r\n                animation:  google.maps.Animation.DROP,\r\n                map: map_map_69f0e042bb162,\r\n                icon: 'https:\/\/paos.az\/wp-content\/uploads\/2016\/06\/pin.png'\r\n            });\r\n            google.maps.event.addListener(marker_map_69f0e042bb162, 'click', toggleBounce);var infowindow = new google.maps.InfoWindow();\r\n                    infowindow.setContent('<div class=\"map_info_text\" style=\\'color:#000;\\'><strong>New York Office<\/strong><br \/> New York, NY 10017<\/div>');infowindow.open(map_map_69f0e042bb162,marker_map_69f0e042bb162);google.maps.event.addListener(marker_map_69f0e042bb162, 'click', function() {\r\n                        infowindow.open(map_map_69f0e042bb162,marker_map_69f0e042bb162);\r\n                    });}\r\n    catch(e){};\r\n    jQuery(document).ready(function($){\r\n        google.maps.event.trigger(map_map_69f0e042bb162, 'resize');\r\n        $(window).resize(function(){\r\n            google.maps.event.trigger(map_map_69f0e042bb162, 'resize');\r\n            if(map_map_69f0e042bb162!=null) {\r\n                map_map_69f0e042bb162.setCenter(coordinate_map_69f0e042bb162);\r\n            }\r\n        });\r\n        $('.ui-tabs').bind('tabsactivate', function(event, ui) {\r\n           if($(this).find('.porto-map-wrapper').length > 0)\r\n            {\r\n                setTimeout(function(){\r\n                    $(window).trigger('resize');\r\n                },200);\r\n            }\r\n        });\r\n        $('.ui-accordion').bind('accordionactivate', function(event, ui) {\r\n            if($(this).find('.porto-map-wrapper').length > 0) {\r\n                setTimeout(function(){\r\n                    $(window).trigger('resize');\r\n                },200);\r\n            }\r\n        });\r\n        $(window).load(function() {\r\n            setTimeout(function() {\r\n                $(window).trigger('resize');\r\n            },200);\r\n        });\r\n        $(document).on('onPortoModalPopupOpen', function(){\r\n            if($(map_map_69f0e042bb162).parents('.porto_modal-content')) {\r\n                setTimeout(function(){\r\n                    $(window).trigger('resize');\r\n                },200);\r\n            }\r\n        });\r\n    });\r\n    function toggleBounce() {\r\n      if (marker_map_69f0e042bb162.getAnimation() != null) {\r\n        marker_map_69f0e042bb162.setAnimation(null);\r\n      } else {\r\n        marker_map_69f0e042bb162.setAnimation(google.maps.Animation.BOUNCE);\r\n      }\r\n    }\r\n}\r\n})(jQuery);\r\n<\/script>[\/vc_column][\/vc_row][vc_row wrap_container=&#8221;yes&#8221; el_class=&#8221;m-b-xl&#8221;][vc_column width=&#8221;1\/2&#8243;][vc_custom_heading text=&#8221;Biziml\u0259 <strong>\u0259laq\u0259<\/strong>&#8221; font_container=&#8221;tag:h4|text_align:left&#8221; use_theme_fonts=&#8221;yes&#8221; skin=&#8221;primary&#8221; el_class=&#8221;m-t&#8221;][vc_column_text]B\u00fct\u00fcn suallar\u0131n\u0131z\u0131 biz\u0259 \u00fcnvanlaya bil\u0259rsiniz.[\/vc_column_text][vc_column_text]<div role=\"form\" class=\"wpcf7\" id=\"wpcf7-f750-o1\" lang=\"en-US\" dir=\"ltr\">\n<div class=\"screen-reader-response\"><p role=\"status\" aria-live=\"polite\" aria-atomic=\"true\"><\/p> <ul><\/ul><\/div>\n<form action=\"\/az\/wp-json\/wp\/v2\/pages\/75#wpcf7-f750-o1\" method=\"post\" class=\"wpcf7-form init\" novalidate=\"novalidate\" data-status=\"init\">\n<div style=\"display: none;\">\n<input type=\"hidden\" name=\"_wpcf7\" value=\"750\" \/>\n<input type=\"hidden\" name=\"_wpcf7_version\" value=\"5.5.6\" \/>\n<input type=\"hidden\" name=\"_wpcf7_locale\" value=\"en_US\" \/>\n<input type=\"hidden\" name=\"_wpcf7_unit_tag\" value=\"wpcf7-f750-o1\" \/>\n<input type=\"hidden\" name=\"_wpcf7_container_post\" value=\"0\" \/>\n<input type=\"hidden\" name=\"_wpcf7_posted_data_hash\" value=\"\" \/>\n<\/div>\n<p><label> Ad\u0131n\u0131z *<br \/>\n    <span class=\"wpcf7-form-control-wrap your-name\"><input type=\"text\" name=\"your-name\" value=\"\" size=\"40\" class=\"wpcf7-form-control wpcf7-text wpcf7-validates-as-required\" aria-required=\"true\" aria-invalid=\"false\" \/><\/span> <\/label><\/p>\n<p><label> E-po\u00e7t \u00fcnvan\u0131n\u0131z *<br \/>\n    <span class=\"wpcf7-form-control-wrap your-email\"><input type=\"email\" name=\"your-email\" value=\"\" size=\"40\" class=\"wpcf7-form-control wpcf7-text wpcf7-email wpcf7-validates-as-required wpcf7-validates-as-email\" aria-required=\"true\" aria-invalid=\"false\" \/><\/span> <\/label><\/p>\n<p><label> \u0130smar\u0131\u015f<br \/>\n    <span class=\"wpcf7-form-control-wrap your-message\"><textarea name=\"your-message\" cols=\"40\" rows=\"10\" class=\"wpcf7-form-control wpcf7-textarea\" aria-invalid=\"false\"><\/textarea><\/span> <\/label><br \/>\n<span class=\"wpcf7-form-control-wrap agree\"><span class=\"wpcf7-form-control wpcf7-acceptance invert\"><span class=\"wpcf7-list-item\"><label><input type=\"checkbox\" name=\"agree\" value=\"1\" aria-invalid=\"false\" checked=\"checked\" class=\"agree\" \/><span class=\"wpcf7-list-item-label\">\u0130\u015far\u0259ni g\u00f6t\u00fcr<\/span><\/label><\/span><\/span><\/span><br \/>\n<input type=\"submit\" value=\"G\u00f6nd\u0259r\" class=\"wpcf7-form-control has-spinner wpcf7-submit\" \/><\/p>\n<p style=\"display: none !important;\"><label>&#916;<textarea name=\"_wpcf7_ak_hp_textarea\" cols=\"45\" rows=\"8\" maxlength=\"100\"><\/textarea><\/label><input type=\"hidden\" id=\"ak_js_1\" name=\"_wpcf7_ak_js\" value=\"85\"\/><script>document.getElementById( \"ak_js_1\" ).setAttribute( \"value\", ( new Date() ).getTime() );<\/script><\/p><div class=\"wpcf7-response-output\" aria-hidden=\"true\"><\/div><\/form><\/div>[\/vc_column_text][\/vc_column][vc_column width=&#8221;1\/2&#8243;][vc_separator color=&#8221;custom&#8221; gradient=&#8221;yes&#8221;][vc_custom_heading text=&#8221;<strong>Ba\u015f<\/strong> ofis&#8221; font_container=&#8221;tag:h4|text_align:left&#8221; use_theme_fonts=&#8221;yes&#8221; skin=&#8221;primary&#8221;]<div class=\"porto-sicon-wrapper style_1\"><div class=\"porto-sicon-box default-icon\" style=\"\"  ><div class=\"porto-sicon-default\"><div id=\"porto-icon-172292780569f0e042bbf20\" class=\"porto-just-icon-wrapper  \"><div class=\"align-icon\" style=\"text-align:center;\">\n<div class=\"porto-icon circle \"  style=\"color:#ffffff;background:#2aafea;font-size:14px;display:inline-block;\">\n\t<i class=\"fa fa-map-marker\"><\/i>\n<\/div><\/div><\/div><\/div><div class=\"porto-sicon-header\" ><h3 class=\"porto-sicon-title\" style=\"font-size:14px;color:#777777;\"><strong>\u00dcnvan:<\/strong> Bab\u0259k plaza, Bab\u0259k prospekti, \u018fl\u0259ddin Quliyev k\u00fc\u00e7.11\/31. AZ1025, Bak\u0131-Az\u0259rbaycan<\/h3><\/div> <!-- header --><\/div> <!-- porto-sicon-box --><\/div><div class=\"porto-sicon-wrapper style_1\"><div class=\"porto-sicon-box default-icon\" style=\"\"  ><div class=\"porto-sicon-default\"><div id=\"porto-icon-180534376069f0e042bc314\" class=\"porto-just-icon-wrapper  \"><div class=\"align-icon\" style=\"text-align:center;\">\n<div class=\"porto-icon circle \"  style=\"color:#ffffff;background:#2aafea;font-size:14px;display:inline-block;\">\n\t<i class=\"fa fa-phone\"><\/i>\n<\/div><\/div><\/div><\/div><div class=\"porto-sicon-header\" ><h3 class=\"porto-sicon-title\" style=\"font-size:14px;color:#777777;\"><strong>Telefon:<\/strong> +99412 488 06 27| +994 (50) 799 9901<\/h3><\/div> <!-- header --><\/div> <!-- porto-sicon-box --><\/div><div class=\"porto-sicon-wrapper style_1\"><div class=\"porto-sicon-box default-icon\" style=\"\"  ><div class=\"porto-sicon-default\"><div id=\"porto-icon-12750408069f0e042bc6dd\" class=\"porto-just-icon-wrapper  \"><div class=\"align-icon\" style=\"text-align:center;\">\n<div class=\"porto-icon circle \"  style=\"color:#ffffff;background:#2aafea;font-size:14px;display:inline-block;\">\n\t<i class=\"fa fa-envelope\"><\/i>\n<\/div><\/div><\/div><\/div><div class=\"porto-sicon-header\" ><h3 class=\"porto-sicon-title\" style=\"font-size:14px;color:#777777;\"><strong>E-po\u00e7t:<\/strong> info@paos.az<\/h3><\/div> <!-- header --><\/div> <!-- porto-sicon-box --><\/div>[vc_separator color=&#8221;custom&#8221; gradient=&#8221;yes&#8221;][vc_custom_heading text=&#8221;\u0130\u015f <strong>saatlar\u0131<\/strong>&#8221; font_container=&#8221;tag:h4|text_align:left&#8221; use_theme_fonts=&#8221;yes&#8221; skin=&#8221;primary&#8221;]<div class=\"porto-sicon-wrapper style_1\"><div class=\"porto-sicon-box default-icon\" style=\"\"  ><div class=\"porto-sicon-default\"><div id=\"porto-icon-182002992569f0e042bcaad\" class=\"porto-just-icon-wrapper  \"><div class=\"align-icon\" style=\"text-align:center;\">\n<div class=\"porto-icon none \"  style=\"color:#333;font-size:14px;display:inline-block;\">\n\t<i class=\"fa fa-clock-o\"><\/i>\n<\/div><\/div><\/div><\/div><div class=\"porto-sicon-header\" ><h3 class=\"porto-sicon-title\" style=\"font-size:14px;color:#777777;\">09.00-21.00<\/h3><\/div> <!-- header --><\/div> <!-- porto-sicon-box --><\/div>[\/vc_column][\/vc_row]<\/p>","protected":false},"excerpt":{"rendered":"<p>[vc_row full_width=&#8221;stretch_row_content_no_spaces&#8221; disable_element=&#8221;yes&#8221;][vc_column][\/vc_column][\/vc_row][vc_row wrap_container=&#8221;yes&#8221; el_class=&#8221;m-b-xl&#8221;][vc_column width=&#8221;1\/2&#8243;][vc_custom_heading text=&#8221;Biziml\u0259 \u0259laq\u0259&#8221; font_container=&#8221;tag:h4|text_align:left&#8221; use_theme_fonts=&#8221;yes&#8221; skin=&#8221;primary&#8221; el_class=&#8221;m-t&#8221;][vc_column_text]B\u00fct\u00fcn suallar\u0131n\u0131z\u0131 biz\u0259 \u00fcnvanlaya bil\u0259rsiniz.[\/vc_column_text][vc_column_text][\/vc_column_text][\/vc_column][vc_column width=&#8221;1\/2&#8243;][vc_separator color=&#8221;custom&#8221; gradient=&#8221;yes&#8221;][vc_custom_heading text=&#8221;Ba\u015f ofis&#8221; font_container=&#8221;tag:h4|text_align:left&#8221; use_theme_fonts=&#8221;yes&#8221; skin=&#8221;primary&#8221;][vc_separator color=&#8221;custom&#8221; gradient=&#8221;yes&#8221;][vc_custom_heading text=&#8221;\u0130\u015f saatlar\u0131&#8221; font_container=&#8221;tag:h4|text_align:left&#8221; use_theme_fonts=&#8221;yes&#8221; skin=&#8221;primary&#8221;][\/vc_column][\/vc_row]<\/p>\n","protected":false},"author":3,"featured_media":0,"parent":0,"menu_order":0,"comment_status":"closed","ping_status":"closed","template":"","meta":{"_mi_skip_tracking":false,"footnotes":""},"yst_prominent_words":[],"_links":{"self":[{"href":"https:\/\/paos.az\/az\/wp-json\/wp\/v2\/pages\/75"}],"collection":[{"href":"https:\/\/paos.az\/az\/wp-json\/wp\/v2\/pages"}],"about":[{"href":"https:\/\/paos.az\/az\/wp-json\/wp\/v2\/types\/page"}],"author":[{"embeddable":true,"href":"https:\/\/paos.az\/az\/wp-json\/wp\/v2\/users\/3"}],"replies":[{"embeddable":true,"href":"https:\/\/paos.az\/az\/wp-json\/wp\/v2\/comments?post=75"}],"version-history":[{"count":29,"href":"https:\/\/paos.az\/az\/wp-json\/wp\/v2\/pages\/75\/revisions"}],"predecessor-version":[{"id":1104,"href":"https:\/\/paos.az\/az\/wp-json\/wp\/v2\/pages\/75\/revisions\/1104"}],"wp:attachment":[{"href":"https:\/\/paos.az\/az\/wp-json\/wp\/v2\/media?parent=75"}],"wp:term":[{"taxonomy":"yst_prominent_words","embeddable":true,"href":"https:\/\/paos.az\/az\/wp-json\/wp\/v2\/yst_prominent_words?post=75"}],"curies":[{"name":"wp","href":"https:\/\/api.w.org\/{rel}","templated":true}]}}