{"id":67,"date":"2016-06-14T05:20:40","date_gmt":"2016-06-14T05:20:40","guid":{"rendered":"http:\/\/sw-themes.com\/porto_dummy\/?page_id=67"},"modified":"2021-12-27T05:49:30","modified_gmt":"2021-12-27T05:49:30","slug":"services","status":"publish","type":"page","link":"https:\/\/paos.az\/az\/services\/","title":{"rendered":"Xidm\u0259tl\u0259r"},"content":{"rendered":"<p>[vc_row][vc_column offset=&#8221;vc_col-md-10 vc_col-xs-12&#8243;][vc_column_text el_class=&#8221;featured lead&#8221;]\u201cPAOS\u201d \u015firk\u0259ti bir pestcontrol \u015firk\u0259ti olaraq siz\u0259 bu sah\u0259y\u0259 daxil olan b\u00fct\u00fcn xidm\u0259tl\u0259ri g\u00f6st\u0259rir. \u201cPAOS\u201d \u015firk\u0259ti hal-haz\u0131rda bir \u00e7ox ba\u011f\u00e7a, m\u0259kt\u0259b, kafe, restoran, zavod v\u0259 fabrikl\u0259r, otell\u0259r h\u0259m\u00e7inin f\u0259rdi ya\u015fay\u0131\u015f v\u0259 ba\u011f evl\u0259rind\u0259 dezinfeksiya, dezinseksiya v\u0259 deratizasiya t\u0259dbirl\u0259ri h\u0259yata ke\u00e7irir.[\/vc_column_text][\/vc_column][vc_column offset=&#8221;vc_col-md-2 vc_col-xs-12&#8243; el_class=&#8221;push-top&#8221;][vc_btn title=&#8221;\u018fLAQ\u018f&#8221; size=&#8221;lg&#8221; skin=&#8221;primary&#8221; link=&#8221;url:https%3A%2F%2Fpaos.az%2Fcontact%2F|title:%C6%8Flaq%C9%99||&#8221;][vc_empty_space][\/vc_column][\/vc_row][vc_row][vc_column][vc_separator color=&#8221;custom&#8221; gap=&#8221;tall&#8221; gradient=&#8221;yes&#8221;][\/vc_column][\/vc_row][vc_row][vc_column width=&#8221;1\/4&#8243;]<div class=\"porto-content-box featured-boxes wpb_content_element \"><div class=\"featured-box featured-box-primary featured-box-effect-1\"><div class=\"box-content\" style=\"\"><i class=\"icon-featured icon-image\"><img decoding=\"async\" alt=\"\" src=\"\/\/paos.az\/wp-content\/uploads\/2018\/05\/desinfection.png\"><\/i>[vc_column_text]<\/p>\n<h3 class=\"porto-sicon-title\">DEZ\u0130NFEKS\u0130YA<\/h3>\n<p>Dezinfeksiya x\u0259st\u0259lik t\u00f6r\u0259d\u0259n mikroorqanizml\u0259rin m\u0259hv edilm\u0259si v\u0259 ya z\u0259r\u0259rsizl\u0259\u015fdirilm\u0259sidir.<\/p>\n<p>[\/vc_column_text]<\/div><\/div><\/div>[\/vc_column][vc_column width=&#8221;1\/4&#8243;]<div class=\"porto-content-box featured-boxes wpb_content_element \"><div class=\"featured-box featured-box-secondary featured-box-effect-1\"><div class=\"box-content\" style=\"\"><i class=\"icon-featured icon-image\"><img decoding=\"async\" alt=\"\" src=\"\/\/paos.az\/wp-content\/uploads\/2018\/05\/disinsection.png\"><\/i>[vc_column_text]<\/p>\n<h4 class=\"text-uppercase\"><span class=\"text-color-secondary\">DEZ\u0130NSEKS\u0130YA<\/span><\/h4>\n<p>Dezinseksiya infeksion x\u0259st\u0259likl\u0259ri yayan h\u0259\u015f\u0259ratlar\u0131n t\u0259l\u0259f edilm\u0259sidir.<\/p>\n<p>[\/vc_column_text]<\/div><\/div><\/div>[\/vc_column][vc_column width=&#8221;1\/4&#8243;]<div class=\"porto-content-box featured-boxes wpb_content_element \"><div class=\"featured-box featured-box-quaternary featured-box-effect-1\"><div class=\"box-content\" style=\"\"><i class=\"icon-featured icon-image\"><img decoding=\"async\" alt=\"\" src=\"\/\/paos.az\/wp-content\/uploads\/2018\/05\/deratisation-2.png\"><\/i>[vc_column_text]<\/p>\n<h4 class=\"text-uppercase\"><span class=\"text-color-tertiary\">DERAT\u0130ZAS\u0130YA<\/span><\/h4>\n<p>Deratizasiya infeksiya m\u0259nb\u0259yi olan v\u0259 onu yayan g\u0259miricil\u0259rin t\u0259l\u0259f edilm\u0259sidir.<\/p>\n<p>[\/vc_column_text]<\/div><\/div><\/div>[\/vc_column][vc_column width=&#8221;1\/4&#8243;]<div class=\"porto-content-box featured-boxes wpb_content_element \"><div class=\"featured-box featured-box-dark featured-box-effect-1\"><div class=\"box-content\" style=\"\"><i class=\"icon-featured icon-image\"><img decoding=\"async\" alt=\"\" src=\"\/\/paos.az\/wp-content\/uploads\/2020\/07\/71s6NBiBF0L._AC_SY355_.jpg\"><\/i>[vc_column_text]<\/p>\n<h4 class=\"text-uppercase\"><span class=\"text-color-quaternary\">Matras v\u0259 yum\u015faq mebell\u0259rin dezinfeksiyas\u0131<\/span><\/h4>\n<p>Dezinfeksiya zaman\u0131 onlar\u0131n \u00fcz\u0259rind\u0259 m\u0259skunla\u015fm\u0131\u015f bakteriya v\u0259 h\u0259\u015f\u0259ratlar m\u0259hv edilir.[\/vc_column_text]<\/div><\/div><\/div>[\/vc_column][\/vc_row][vc_row disable_element=&#8221;yes&#8221; el_class=&#8221;m-b-md&#8221;][vc_column width=&#8221;2\/3&#8243; el_class=&#8221;info-box-small-wrap&#8221;][vc_custom_heading text=&#8221;Our <strong>Features<\/strong>&#8221; use_theme_fonts=&#8221;yes&#8221;][vc_row_inner][vc_column_inner width=&#8221;1\/2&#8243;]<div class=\"porto-sicon-wrapper style_1\"><div class=\"porto-sicon-box left-icon\" style=\"\"  ><div class=\"porto-sicon-left\"><div id=\"porto-icon-29386184169f9d9fbd2eb7\" class=\"porto-just-icon-wrapper  \"><div class=\"align-icon\" style=\"text-align:center;\">\n<div class=\"porto-icon advanced \"  style=\"color:#ffffff;background:#2aafea;border-style:;border-color:#333333;border-width:1px;width:35px;height:35px;line-height:35px;border-radius:500px;font-size:14px;display:inline-block;\">\n\t<i class=\"fa fa-group\"><\/i>\n<\/div><\/div><\/div><\/div><div class=\"porto-sicon-body\"><div class=\"porto-sicon-header\" ><h3 class=\"porto-sicon-title\" style=\"color:#2aafea;\">Customer Support<\/h3><\/div> <!-- header --><div class=\"porto-sicon-description\" style=\"\">Lorem ipsum dolor sit amet, consectetur.<\/div> <!-- description --><\/div><\/div> <!-- porto-sicon-box --><\/div>[\/vc_column_inner][vc_column_inner width=&#8221;1\/2&#8243;]<div class=\"porto-sicon-wrapper style_1\"><div class=\"porto-sicon-box left-icon\" style=\"\"  ><div class=\"porto-sicon-left\"><div id=\"porto-icon-65972547969f9d9fbd3298\" class=\"porto-just-icon-wrapper  \"><div class=\"align-icon\" style=\"text-align:center;\">\n<div class=\"porto-icon advanced \"  style=\"color:#ffffff;background:#2aafea;border-style:;border-color:#333333;border-width:1px;width:35px;height:35px;line-height:35px;border-radius:500px;font-size:14px;display:inline-block;\">\n\t<i class=\"fa fa-film\"><\/i>\n<\/div><\/div><\/div><\/div><div class=\"porto-sicon-body\"><div class=\"porto-sicon-header\" ><h3 class=\"porto-sicon-title\" style=\"color:#2aafea;\">Sliders<\/h3><\/div> <!-- header --><div class=\"porto-sicon-description\" style=\"\">Lorem ipsum dolor sit amet, consectetur.<\/div> <!-- description --><\/div><\/div> <!-- porto-sicon-box --><\/div>[\/vc_column_inner][\/vc_row_inner][vc_row_inner][vc_column_inner width=&#8221;1\/2&#8243;]<div class=\"porto-sicon-wrapper style_1\"><div class=\"porto-sicon-box left-icon\" style=\"\"  ><div class=\"porto-sicon-left\"><div id=\"porto-icon-196556673869f9d9fbd363b\" class=\"porto-just-icon-wrapper  \"><div class=\"align-icon\" style=\"text-align:center;\">\n<div class=\"porto-icon advanced \"  style=\"color:#ffffff;background:#2aafea;border-style:;border-color:#333333;border-width:1px;width:35px;height:35px;line-height:35px;border-radius:500px;font-size:14px;display:inline-block;\">\n\t<i class=\"fa fa-file\"><\/i>\n<\/div><\/div><\/div><\/div><div class=\"porto-sicon-body\"><div class=\"porto-sicon-header\" ><h3 class=\"porto-sicon-title\" style=\"color:#2aafea;\">HTML5 \/ CSS3 \/ JS<\/h3><\/div> <!-- header --><div class=\"porto-sicon-description\" style=\"\">Lorem ipsum dolor sit amet, adip.<\/div> <!-- description --><\/div><\/div> <!-- porto-sicon-box --><\/div>[\/vc_column_inner][vc_column_inner width=&#8221;1\/2&#8243;]<div class=\"porto-sicon-wrapper style_1\"><div class=\"porto-sicon-box left-icon\" style=\"\"  ><div class=\"porto-sicon-left\"><div id=\"porto-icon-90434432369f9d9fbd39da\" class=\"porto-just-icon-wrapper  \"><div class=\"align-icon\" style=\"text-align:center;\">\n<div class=\"porto-icon advanced \"  style=\"color:#ffffff;background:#2aafea;border-style:;border-color:#333333;border-width:1px;width:35px;height:35px;line-height:35px;border-radius:500px;font-size:14px;display:inline-block;\">\n\t<i class=\"fa fa-user\"><\/i>\n<\/div><\/div><\/div><\/div><div class=\"porto-sicon-body\"><div class=\"porto-sicon-header\" ><h3 class=\"porto-sicon-title\" style=\"color:#2aafea;\">Icons<\/h3><\/div> <!-- header --><div class=\"porto-sicon-description\" style=\"\">Lorem ipsum dolor sit amet, adip.<\/div> <!-- description --><\/div><\/div> <!-- porto-sicon-box --><\/div>[\/vc_column_inner][\/vc_row_inner][vc_row_inner][vc_column_inner width=&#8221;1\/2&#8243;]<div class=\"porto-sicon-wrapper style_1\"><div class=\"porto-sicon-box left-icon\" style=\"\"  ><div class=\"porto-sicon-left\"><div id=\"porto-icon-97509264169f9d9fbd3d7a\" class=\"porto-just-icon-wrapper  \"><div class=\"align-icon\" style=\"text-align:center;\">\n<div class=\"porto-icon advanced \"  style=\"color:#ffffff;background:#2aafea;border-style:;border-color:#333333;border-width:1px;width:35px;height:35px;line-height:35px;border-radius:500px;font-size:14px;display:inline-block;\">\n\t<i class=\"fa fa-google-plus\"><\/i>\n<\/div><\/div><\/div><\/div><div class=\"porto-sicon-body\"><div class=\"porto-sicon-header\" ><h3 class=\"porto-sicon-title\" style=\"color:#2aafea;\">500+ Google Fonts<\/h3><\/div> <!-- header --><div class=\"porto-sicon-description\" style=\"\">Lorem ipsum dolor sit amet, consectetur.<\/div> <!-- description --><\/div><\/div> <!-- porto-sicon-box --><\/div>[\/vc_column_inner][vc_column_inner width=&#8221;1\/2&#8243;]<div class=\"porto-sicon-wrapper style_1\"><div class=\"porto-sicon-box left-icon\" style=\"\"  ><div class=\"porto-sicon-left\"><div id=\"porto-icon-19865368769f9d9fbd4115\" class=\"porto-just-icon-wrapper  \"><div class=\"align-icon\" style=\"text-align:center;\">\n<div class=\"porto-icon advanced \"  style=\"color:#ffffff;background:#2aafea;border-style:;border-color:#333333;border-width:1px;width:35px;height:35px;line-height:35px;border-radius:500px;font-size:14px;display:inline-block;\">\n\t<i class=\"fa fa-reorder\"><\/i>\n<\/div><\/div><\/div><\/div><div class=\"porto-sicon-body\"><div class=\"porto-sicon-header\" ><h3 class=\"porto-sicon-title\" style=\"color:#2aafea;\">Buttons<\/h3><\/div> <!-- header --><div class=\"porto-sicon-description\" style=\"\">Lorem ipsum dolor sit, consectetur adip.<\/div> <!-- description --><\/div><\/div> <!-- porto-sicon-box --><\/div>[\/vc_column_inner][\/vc_row_inner][vc_row_inner][vc_column_inner width=&#8221;1\/2&#8243;]<div class=\"porto-sicon-wrapper style_1\"><div class=\"porto-sicon-box left-icon\" style=\"\"  ><div class=\"porto-sicon-left\"><div id=\"porto-icon-3789142869f9d9fbd44b3\" class=\"porto-just-icon-wrapper  \"><div class=\"align-icon\" style=\"text-align:center;\">\n<div class=\"porto-icon advanced \"  style=\"color:#ffffff;background:#2aafea;border-style:;border-color:#333333;border-width:1px;width:35px;height:35px;line-height:35px;border-radius:500px;font-size:14px;display:inline-block;\">\n\t<i class=\"fa fa-adjust\"><\/i>\n<\/div><\/div><\/div><\/div><div class=\"porto-sicon-body\"><div class=\"porto-sicon-header\" ><h3 class=\"porto-sicon-title\" style=\"color:#2aafea;\">Colors<\/h3><\/div> <!-- header --><div class=\"porto-sicon-description\" style=\"\">Lorem ipsum dolor sit amet, adip.<\/div> <!-- description --><\/div><\/div> <!-- porto-sicon-box --><\/div>[\/vc_column_inner][vc_column_inner width=&#8221;1\/2&#8243;]<div class=\"porto-sicon-wrapper style_1\"><div class=\"porto-sicon-box left-icon\" style=\"\"  ><div class=\"porto-sicon-left\"><div id=\"porto-icon-151307738969f9d9fbd4854\" class=\"porto-just-icon-wrapper  \"><div class=\"align-icon\" style=\"text-align:center;\">\n<div class=\"porto-icon advanced \"  style=\"color:#ffffff;background:#2aafea;border-style:;border-color:#333333;border-width:1px;width:35px;height:35px;line-height:35px;border-radius:500px;font-size:14px;display:inline-block;\">\n\t<i class=\"fa fa-desktop\"><\/i>\n<\/div><\/div><\/div><\/div><div class=\"porto-sicon-body\"><div class=\"porto-sicon-header\" ><h3 class=\"porto-sicon-title\" style=\"color:#2aafea;\">Lightbox<\/h3><\/div> <!-- header --><div class=\"porto-sicon-description\" style=\"\">Lorem sit amet, consectetur adip.<\/div> <!-- description --><\/div><\/div> <!-- porto-sicon-box --><\/div>[\/vc_column_inner][\/vc_row_inner][\/vc_column][vc_column width=&#8221;1\/3&#8243;][vc_custom_heading text=&#8221;and more&#8230;&#8221; use_theme_fonts=&#8221;yes&#8221;][vc_accordion][vc_accordion_tab title=&#8221;Pricing Tables&#8221; show_icon=&#8221;yes&#8221; icon=&#8221;fa fa-usd&#8221;][vc_column_text]Donec tellus massa, tristique sit amet condim vel, facilisis quis sapien. Praesent id enim sit amet odio vulputate eleifend in in tortor.[\/vc_column_text][\/vc_accordion_tab][vc_accordion_tab title=&#8221;Contact Forms&#8221; show_icon=&#8221;yes&#8221; icon=&#8221;fa fa-comment&#8221;][vc_column_text]Donec tellus massa, tristique sit amet condimentum vel, facilisis quis sapien.[\/vc_column_text][\/vc_accordion_tab][vc_accordion_tab title=&#8221;Portfolio Pages&#8221; show_icon=&#8221;yes&#8221; icon=&#8221;fa fa-desktop&#8221;][vc_column_text]Donec tellus massa, tristique sit amet condimentum vel, facilisis quis sapien.[\/vc_column_text][\/vc_accordion_tab][\/vc_accordion][\/vc_column][\/vc_row][vc_row][vc_column][vc_column_text]* B\u00fct\u00fcn t\u0259dbirl\u0259r h\u0259kim-epidemioloq n\u0259zar\u0259ti alt\u0131nda ke\u00e7irilir v\u0259 insan sa\u011flaml\u0131\u011f\u0131 \u00fc\u00e7\u00fcn tam t\u0259hl\u00fck\u0259sizdir.[\/vc_column_text][\/vc_column][\/vc_row][vc_row disable_element=&#8221;yes&#8221;][vc_column width=&#8221;7\/12&#8243;][vc_custom_heading text=&#8221;Premium <strong>Features<\/strong>&#8221; use_theme_fonts=&#8221;yes&#8221;][vc_column_text el_class=&#8221;lead&#8221;]Lorem ipsum dolor sit amet, consectetur adipiscing elit. Curabitur imperdiet hendrerit volutpat. Sed in nunc nec ligula consectetur mollis in vel justo. Vestibulum ante ipsum primis in faucibus orci.[\/vc_column_text][vc_column_text]Lorem ipsum dolor sit amet, consectetur adipiscing elit. Curabitur imperdiet hendrerit volutpat. Sed in nunc nec ligula consectetur mollis in vel justo. Vestibulum ante ipsum primis in faucibus orci. [\/vc_column_text][\/vc_column][vc_column width=&#8221;1\/3&#8243; offset=&#8221;vc_col-sm-offset-1&#8243;][vc_single_image source=&#8221;external_link&#8221; alignment=&#8221;center&#8221; el_class=&#8221;push-top&#8221; custom_src=&#8221;http:\/\/sw-themes.com\/porto_dummy\/wp-content\/uploads\/images\/device.png&#8221;][\/vc_column][\/vc_row]<\/p>","protected":false},"excerpt":{"rendered":"<p>[vc_row][vc_column offset=&#8221;vc_col-md-10 vc_col-xs-12&#8243;][vc_column_text el_class=&#8221;featured lead&#8221;]\u201cPAOS\u201d \u015firk\u0259ti bir pestcontrol \u015firk\u0259ti olaraq siz\u0259 bu sah\u0259y\u0259 daxil olan b\u00fct\u00fcn xidm\u0259tl\u0259ri g\u00f6st\u0259rir. \u201cPAOS\u201d \u015firk\u0259ti hal-haz\u0131rda bir \u00e7ox ba\u011f\u00e7a, m\u0259kt\u0259b, kafe, restoran, zavod v\u0259 fabrikl\u0259r, otell\u0259r h\u0259m\u00e7inin f\u0259rdi ya\u015fay\u0131\u015f v\u0259 ba\u011f evl\u0259rind\u0259 dezinfeksiya, dezinseksiya v\u0259 deratizasiya t\u0259dbirl\u0259ri h\u0259yata ke\u00e7irir.[\/vc_column_text][\/vc_column][vc_column offset=&#8221;vc_col-md-2 vc_col-xs-12&#8243; el_class=&#8221;push-top&#8221;][vc_btn title=&#8221;\u018fLAQ\u018f&#8221; size=&#8221;lg&#8221; skin=&#8221;primary&#8221; link=&#8221;url:https%3A%2F%2Fpaos.az%2Fcontact%2F|title:%C6%8Flaq%C9%99||&#8221;][vc_empty_space][\/vc_column][\/vc_row][vc_row][vc_column][vc_separator color=&#8221;custom&#8221; gap=&#8221;tall&#8221; gradient=&#8221;yes&#8221;][\/vc_column][\/vc_row][vc_row][vc_column width=&#8221;1\/4&#8243;][\/vc_column][vc_column [&hellip;]<\/p>\n","protected":false},"author":1,"featured_media":0,"parent":0,"menu_order":0,"comment_status":"closed","ping_status":"closed","template":"","meta":{"_mi_skip_tracking":false,"footnotes":""},"yst_prominent_words":[155,149,144,156,145,142,160,147,143,141,151,152,158,159,154,148,157,150,146,153],"_links":{"self":[{"href":"https:\/\/paos.az\/az\/wp-json\/wp\/v2\/pages\/67"}],"collection":[{"href":"https:\/\/paos.az\/az\/wp-json\/wp\/v2\/pages"}],"about":[{"href":"https:\/\/paos.az\/az\/wp-json\/wp\/v2\/types\/page"}],"author":[{"embeddable":true,"href":"https:\/\/paos.az\/az\/wp-json\/wp\/v2\/users\/1"}],"replies":[{"embeddable":true,"href":"https:\/\/paos.az\/az\/wp-json\/wp\/v2\/comments?post=67"}],"version-history":[{"count":32,"href":"https:\/\/paos.az\/az\/wp-json\/wp\/v2\/pages\/67\/revisions"}],"predecessor-version":[{"id":1095,"href":"https:\/\/paos.az\/az\/wp-json\/wp\/v2\/pages\/67\/revisions\/1095"}],"wp:attachment":[{"href":"https:\/\/paos.az\/az\/wp-json\/wp\/v2\/media?parent=67"}],"wp:term":[{"taxonomy":"yst_prominent_words","embeddable":true,"href":"https:\/\/paos.az\/az\/wp-json\/wp\/v2\/yst_prominent_words?post=67"}],"curies":[{"name":"wp","href":"https:\/\/api.w.org\/{rel}","templated":true}]}}