{"id":623,"date":"2018-06-01T18:09:13","date_gmt":"2018-06-01T18:09:13","guid":{"rendered":"http:\/\/acurahondatoyotaparts.com\/?page_id=623"},"modified":"2020-06-26T18:48:17","modified_gmt":"2020-06-26T18:48:17","slug":"service-fields","status":"publish","type":"page","link":"https:\/\/paos.az\/az\/service-fields\/","title":{"rendered":"Xidm\u0259t sah\u0259l\u0259ri"},"content":{"rendered":"<p>[vc_row][vc_column width=&#8221;1\/3&#8243;][vc_single_image image=&#8221;927&#8243; img_size=&#8221;medium&#8221; alignment=&#8221;center&#8221; style=&#8221;vc_box_shadow_3d&#8221;][vc_column_text]<\/p>\n<p style=\"text-align: center;\"><strong>\u0130stehsalat<\/strong><\/p>\n<p style=\"text-align: center;\">Zavodlar<br \/>\nFabrikl\u0259r<br \/>\nFirmalar<br \/>\nBroylerl\u0259r<br \/>\n\u0130stixanalar<br \/>\nSexl\u0259r v\u0259 s.<\/p>\n<p>[\/vc_column_text][\/vc_column][vc_column width=&#8221;1\/3&#8243;][vc_single_image image=&#8221;917&#8243; img_size=&#8221;medium&#8221; alignment=&#8221;center&#8221; style=&#8221;vc_box_shadow_3d&#8221;][vc_column_text]<\/p>\n<p style=\"text-align: center;\"><strong>Sat\u0131\u015f<\/strong><\/p>\n<p style=\"text-align: center;\">\u018frzaq ma\u011fazalar\u0131<br \/>\n\u015eirniyyat ma\u011fazalar\u0131<br \/>\nDig\u0259r ma\u011fazalar<br \/>\nAnbarlar<br \/>\nAvtosalonlar<br \/>\nMebel salonlar\u0131<\/p>\n<p>[\/vc_column_text][\/vc_column][vc_column width=&#8221;1\/3&#8243;][vc_single_image image=&#8221;918&#8243; img_size=&#8221;medium&#8221; alignment=&#8221;center&#8221; style=&#8221;vc_box_shadow_3d&#8221;][vc_column_text]<\/p>\n<p style=\"text-align: center;\"><strong>Xidm\u0259t<\/strong><\/p>\n<p style=\"text-align: center;\">Restoranlar<br \/>\nKafel\u0259r<br \/>\nYem\u0259kxalar<br \/>\nOtell\u0259r<br \/>\nM\u0259kt\u0259bl\u0259r<br \/>\nU\u015faq ba\u011f\u00e7alar\u0131<br \/>\nKurslar<br \/>\nUniversitetl\u0259r<br \/>\n\u0130dman zallar\u0131<br \/>\nB\u0259rb\u0259rxanalar<br \/>\nKlinikalar<br \/>\nOfisl\u0259r<br \/>\nN\u0259qliyyat vasit\u0259l\u0259ri v\u0259 s.<\/p>\n<p>[\/vc_column_text][\/vc_column][\/vc_row]<\/p>","protected":false},"excerpt":{"rendered":"<p>[vc_row][vc_column width=&#8221;1\/3&#8243;][vc_single_image image=&#8221;927&#8243; img_size=&#8221;medium&#8221; alignment=&#8221;center&#8221; style=&#8221;vc_box_shadow_3d&#8221;][vc_column_text] \u0130stehsalat Zavodlar Fabrikl\u0259r Firmalar Broylerl\u0259r \u0130stixanalar Sexl\u0259r v\u0259 s. [\/vc_column_text][\/vc_column][vc_column width=&#8221;1\/3&#8243;][vc_single_image image=&#8221;917&#8243; img_size=&#8221;medium&#8221; alignment=&#8221;center&#8221; style=&#8221;vc_box_shadow_3d&#8221;][vc_column_text] Sat\u0131\u015f \u018frzaq ma\u011fazalar\u0131 \u015eirniyyat ma\u011fazalar\u0131 Dig\u0259r ma\u011fazalar Anbarlar Avtosalonlar Mebel salonlar\u0131 [\/vc_column_text][\/vc_column][vc_column width=&#8221;1\/3&#8243;][vc_single_image image=&#8221;918&#8243; img_size=&#8221;medium&#8221; alignment=&#8221;center&#8221; style=&#8221;vc_box_shadow_3d&#8221;][vc_column_text] Xidm\u0259t Restoranlar Kafel\u0259r Yem\u0259kxalar Otell\u0259r M\u0259kt\u0259bl\u0259r U\u015faq ba\u011f\u00e7alar\u0131 Kurslar Universitetl\u0259r \u0130dman zallar\u0131 B\u0259rb\u0259rxanalar Klinikalar Ofisl\u0259r N\u0259qliyyat vasit\u0259l\u0259ri [&hellip;]<\/p>\n","protected":false},"author":1,"featured_media":0,"parent":0,"menu_order":0,"comment_status":"closed","ping_status":"closed","template":"","meta":{"_mi_skip_tracking":false,"footnotes":""},"yst_prominent_words":[132],"_links":{"self":[{"href":"https:\/\/paos.az\/az\/wp-json\/wp\/v2\/pages\/623"}],"collection":[{"href":"https:\/\/paos.az\/az\/wp-json\/wp\/v2\/pages"}],"about":[{"href":"https:\/\/paos.az\/az\/wp-json\/wp\/v2\/types\/page"}],"author":[{"embeddable":true,"href":"https:\/\/paos.az\/az\/wp-json\/wp\/v2\/users\/1"}],"replies":[{"embeddable":true,"href":"https:\/\/paos.az\/az\/wp-json\/wp\/v2\/comments?post=623"}],"version-history":[{"count":24,"href":"https:\/\/paos.az\/az\/wp-json\/wp\/v2\/pages\/623\/revisions"}],"predecessor-version":[{"id":930,"href":"https:\/\/paos.az\/az\/wp-json\/wp\/v2\/pages\/623\/revisions\/930"}],"wp:attachment":[{"href":"https:\/\/paos.az\/az\/wp-json\/wp\/v2\/media?parent=623"}],"wp:term":[{"taxonomy":"yst_prominent_words","embeddable":true,"href":"https:\/\/paos.az\/az\/wp-json\/wp\/v2\/yst_prominent_words?post=623"}],"curies":[{"name":"wp","href":"https:\/\/api.w.org\/{rel}","templated":true}]}}