{"id":143,"date":"2016-06-20T07:48:11","date_gmt":"2016-06-20T07:48:11","guid":{"rendered":"http:\/\/sw-themes.com\/porto_dummy\/?page_id=143"},"modified":"2021-04-29T15:30:45","modified_gmt":"2021-04-29T15:30:45","slug":"home","status":"publish","type":"page","link":"https:\/\/paos.az\/az\/","title":{"rendered":"Ba\u015f s\u0259hif\u0259"},"content":{"rendered":"<p>[vc_row css=&#8221;.vc_custom_1528236484587{margin-right: -60px !important;margin-left: -50px !important;}&#8221;][vc_column][rev_slider_vc alias=&#8221;f-2&#8243;][\/vc_column][\/vc_row][vc_row full_width=&#8221;stretch_row&#8221; disable_element=&#8221;yes&#8221; wrap_container=&#8221;yes&#8221; el_class=&#8221;home-intro&#8221; css=&#8221;.vc_custom_1526713254589{background-color: #3a3a3a !important;}&#8221;][vc_column width=&#8221;2\/3&#8243;][vc_column_text el_class=&#8221;m-b-none&#8221;]<\/p>\n<p><strong>The fastest way to grow your business with the leader in <em>Technology<\/em><\/strong> Check out our options and features included.<\/p>\n<p>[\/vc_column_text][\/vc_column][vc_column width=&#8221;1\/3&#8243; el_class=&#8221;get-started&#8221;][vc_btn title=&#8221;Get Started Now!&#8221; size=&#8221;lg&#8221; skin=&#8221;primary&#8221; link=&#8221;url:%23|||&#8221; el_class=&#8221;m-b-none&#8221;][vc_column_text el_class=&#8221;m-b-none learn-more&#8221;]<\/p>\n<p>or <a href=\"#\">learn more<\/a>.<\/p>\n<p>[\/vc_column_text][\/vc_column][\/vc_row][vc_row wrap_container=&#8221;yes&#8221; is_section=&#8221;yes&#8221; section_skin=&#8221;parallax&#8221; remove_margin_top=&#8221;yes&#8221; remove_margin_bottom=&#8221;yes&#8221;][vc_column width=&#8221;2\/3&#8243;]<div class=\"porto-image-frame \"><a href=\"http:\/\/paos.az\/isosertifikat.PDF\" title=\"\" target=\"_blank\"><img decoding=\"async\" alt=\"\" src=\"\/\/paos.az\/wp-content\/uploads\/2021\/02\/iso2015-1024x395-3.png\" class=\"img-responsive img-rounded img-box-shadow\"><\/a><\/div>[vc_custom_heading text=&#8221;<strong>Biz<\/strong> Kimik&#8221; use_theme_fonts=&#8221;yes&#8221;][vc_column_text el_class=&#8221;m-b-lg&#8221;]\u201cPAOS\u201d \u015firk\u0259ti Az\u0259rbaycan Respublikas\u0131n\u0131n \u0130qtisadiyyat Nazirliyinin verdiyi lisenziya \u0259sas\u0131nda f\u0259aliyy\u0259t g\u00f6st\u0259rir. \u015eirk\u0259t m\u00fc\u015ft\u0259ril\u0259r\u0259 y\u00fcks\u0259k keyfiyy\u0259tli xidm\u0259tin g\u00f6st\u0259rilm\u0259si, h\u0259r bir sifari\u015f\u00e7inin problemin\u0259 f\u0259rdi yana\u015faraq bu probleml\u0259rin y\u00fcks\u0259k s\u0259viyy\u0259d\u0259 aradan qald\u0131r\u0131lmas\u0131n\u0131 \u00f6z\u00fcn\u0259 h\u0259d\u0259f bil\u0259r\u0259k yarad\u0131lm\u0131\u015fd\u0131r.[\/vc_column_text]<div class=\"porto-blockquote wpb_content_element  m-l-md\"><blockquote class=\"  blockquote-secondary\"><p>\u018fm\u0259kda\u015flar\u0131m\u0131z\u0131n m\u00fc\u015ft\u0259rinin h\u0259r bir problemi il\u0259 yax\u0131ndan maraqlanmas\u0131, onlara keyfiyy\u0259tli xidm\u0259tin g\u00f6st\u0259rilm\u0259si v\u0259 i\u015fimiz\u0259 z\u0259man\u0259t verilm\u0259si bizim ba\u015fl\u0131ca d\u0259y\u0259rl\u0259rimizdir.<\/p><\/blockquote><\/div>[\/vc_column][vc_column width=&#8221;1\/3&#8243;][vc_row_inner][vc_column_inner width=&#8221;1\/2&#8243;][vc_single_image image=&#8221;1024&#8243; img_size=&#8221;full&#8221; alignment=&#8221;center&#8221; el_class=&#8221;m-t-md m-b-md&#8221;][vc_single_image image=&#8221;1012&#8243; img_size=&#8221;full&#8221; alignment=&#8221;center&#8221; el_class=&#8221;m-b-md&#8221;][\/vc_column_inner][vc_column_inner width=&#8221;1\/2&#8243;][vc_single_image image=&#8221;1027&#8243; img_size=&#8221;full&#8221; alignment=&#8221;center&#8221; el_class=&#8221;m-b-md&#8221;][vc_single_image image=&#8221;1014&#8243; alignment=&#8221;center&#8221; el_class=&#8221;m-b-md&#8221;][\/vc_column_inner][\/vc_row_inner][\/vc_column][\/vc_row][vc_row wrap_container=&#8221;yes&#8221; is_section=&#8221;yes&#8221; remove_margin_top=&#8221;yes&#8221; remove_margin_bottom=&#8221;yes&#8221; remove_border=&#8221;yes&#8221;][vc_column][vc_custom_heading text=&#8221;Bizim <strong>Xidm\u0259tl\u0259r<\/strong>&#8221; use_theme_fonts=&#8221;yes&#8221;][vc_row_inner][vc_column_inner width=&#8221;1\/2&#8243;]<div class=\"porto-sicon-wrapper text-left style_1\"><div class=\"porto-sicon-box top-icon\" style=\"\"  ><div class=\"porto-sicon-top\"><div id=\"porto-icon-184359210969f9cc484026b\" class=\"porto-just-icon-wrapper  \"><div class=\"align-icon\" style=\"text-align:center;\">\n<div class=\"porto-sicon-img \" style=\"font-size:64px;display:inline-block;\" >\n\t<img decoding=\"async\" class=\"img-icon\" alt=\"\" src=\"https:\/\/paos.az\/wp-content\/uploads\/2018\/05\/desinfection.png\"\/>\n<\/div><\/div><\/div><\/div><div class=\"porto-sicon-header\" ><h3 class=\"porto-sicon-title\" style=\"font-size:20px;\">Dezinfeksiya<\/h3><\/div> <!-- header --><div class=\"porto-sicon-description\" style=\"\">Dezinfeksiya x\u0259st\u0259lik t\u00f6r\u0259d\u0259n mikroorqanizml\u0259rin m\u0259hv edilm\u0259si v\u0259 ya z\u0259r\u0259rsizl\u0259\u015fdirilm\u0259sidir. Buna q\u0131saca olaraq virus v\u0259 bakteriyalarla m\u00fcbariz\u0259 d\u0259 dem\u0259k olar. M\u00fct\u0259madi olaraq dezinfeksiya t\u0259dbirl\u0259rinin h\u0259yata ke\u00e7irilm\u0259si evinizd\u0259, i\u015f yerl\u0259rinizd\u0259 v\u0259 ist\u0259nil\u0259n dig\u0259r yerl\u0259rd\u0259 x\u0259st\u0259likl\u0259rin v\u0259 bakteriyalar\u0131n yay\u0131lmas\u0131n\u0131n qar\u015f\u0131s\u0131n\u0131 al\u0131r. Bu, sa\u011flaml\u0131\u011f\u0131n\u0131z \u00fc\u00e7\u00fcn \u00e7ox \u00f6n\u0259mlidir.<\/div> <!-- description --><\/div> <!-- porto-sicon-box --><\/div>[\/vc_column_inner][vc_column_inner width=&#8221;1\/2&#8243;]<div class=\"porto-sicon-wrapper text-left style_1\"><div class=\"porto-sicon-box top-icon\" style=\"\"  ><div class=\"porto-sicon-top\"><div id=\"porto-icon-153043950469f9cc4840912\" class=\"porto-just-icon-wrapper  \"><div class=\"align-icon\" style=\"text-align:center;\">\n<div class=\"porto-sicon-img \" style=\"font-size:64px;display:inline-block;\" >\n\t<img decoding=\"async\" class=\"img-icon\" alt=\"\" src=\"https:\/\/paos.az\/wp-content\/uploads\/2018\/05\/disinsection.png\"\/>\n<\/div><\/div><\/div><\/div><div class=\"porto-sicon-header\" ><h3 class=\"porto-sicon-title\" style=\"font-size:20px;\">Dezinseksiya<\/h3><\/div> <!-- header --><div class=\"porto-sicon-description\" style=\"\">Dezinseksiya infeksion x\u0259st\u0259likl\u0259ri yayan h\u0259\u015f\u0259ratlar\u0131n t\u0259l\u0259f edilm\u0259sidir. Bit, bir\u0259, tarakan, g\u0259n\u0259, taxta biti, mil\u00e7\u0259k, a\u011fcaqanad, qurdlar v\u0259 dig\u0259r h\u0259\u015f\u0259ratlar\u0131n t\u0259l\u0259f edilm\u0259si bu xidm\u0259t n\u00f6v\u00fcn\u0259 daxildir. M\u0259kan\u0131n\u0131z\u0131 dezinseksiya el\u0259tdirm\u0259kl\u0259 siz h\u0259m xo\u015fag\u0259lm\u0259z h\u0259\u015f\u0259ratlardan azad olur, h\u0259m d\u0259 infeksion x\u0259st\u0259likl\u0259rin yay\u0131lmas\u0131n\u0131n qar\u015f\u0131s\u0131n\u0131 b\u00f6y\u00fck \u00f6l\u00e7\u00fcd\u0259 alm\u0131\u015f olursunuz. Bu, sizin v\u0259 m\u00fc\u015ft\u0259ril\u0259rinizin m\u0259mnuniyy\u0259ti \u00fc\u00e7\u00fcn \u00f6n\u0259mlidir.<\/div> <!-- description --><\/div> <!-- porto-sicon-box --><\/div>[\/vc_column_inner][\/vc_row_inner][vc_row_inner][vc_column_inner width=&#8221;1\/2&#8243;]<div class=\"porto-sicon-wrapper text-left style_1\"><div class=\"porto-sicon-box top-icon\" style=\"\"  ><div class=\"porto-sicon-top\"><div id=\"porto-icon-8911985469f9cc4840eb7\" class=\"porto-just-icon-wrapper  \"><div class=\"align-icon\" style=\"text-align:center;\">\n<div class=\"porto-sicon-img \" style=\"font-size:48px;display:inline-block;\" >\n\t<img decoding=\"async\" class=\"img-icon\" alt=\"\" src=\"https:\/\/paos.az\/wp-content\/uploads\/2018\/05\/deratisation-2.png\"\/>\n<\/div><\/div><\/div><\/div><div class=\"porto-sicon-header\" ><h3 class=\"porto-sicon-title\" style=\"font-size:20px;\">Deratizasiya<\/h3><\/div> <!-- header --><div class=\"porto-sicon-description\" style=\"\">Deratizasiya infeksiya m\u0259nb\u0259yi olan v\u0259 onu yayan g\u0259miricil\u0259rin t\u0259l\u0259f edilm\u0259sidir. Si\u00e7an, si\u00e7ovul v\u0259 dig\u0259r g\u0259miricil\u0259rl\u0259 m\u00fcbariz\u0259 bu xidm\u0259t n\u00f6v\u00fcn\u0259 daxildir. Deratizasiya t\u0259dbirl\u0259rini h\u0259yata ke\u00e7irm\u0259kl\u0259 siz g\u0259miricil\u0259rin \u0259m\u0259l\u0259 g\u0259tirdiyi infeksiyalardan v\u0259 siz\u0259 ver\u0259 bil\u0259c\u0259yi z\u0259r\u0259rl\u0259rd\u0259n azad olmu\u015f olursunuz. Bu, infeksiyalardan v\u0259 g\u0259miricil\u0259ri verdiyi z\u0259r\u0259rl\u0259rd\u0259n m\u00fcdafi\u0259dir.<\/div> <!-- description --><\/div> <!-- porto-sicon-box --><\/div>[\/vc_column_inner][vc_column_inner width=&#8221;1\/2&#8243;]<div class=\"porto-sicon-wrapper text-left style_1\"><div class=\"porto-sicon-box top-icon\" style=\"\"  ><div class=\"porto-sicon-top\"><div id=\"porto-icon-20648303369f9cc484146f\" class=\"porto-just-icon-wrapper  \"><div class=\"align-icon\" style=\"text-align:center;\">\n<div class=\"porto-sicon-img \" style=\"font-size:48px;display:inline-block;\" >\n\t<img decoding=\"async\" class=\"img-icon\" alt=\"\" src=\"https:\/\/paos.az\/wp-content\/uploads\/2020\/07\/71s6NBiBF0L._AC_SY355_.jpg\"\/>\n<\/div><\/div><\/div><\/div><div class=\"porto-sicon-header\" ><h3 class=\"porto-sicon-title\" style=\"font-size:20px;\">Matras v\u0259 yum\u015faq mebell\u0259rin dezinfeksiyas\u0131<\/h3><\/div> <!-- header --><div class=\"porto-sicon-description\" style=\"\">Matras, xal\u00e7a v\u0259 yum\u015faq mebell\u0259rin m\u00fct\u0259madi olaraq buxarla dezinfeksiya edilm\u0259si sa\u011flaml\u0131\u011f\u0131n\u0131z \u00fc\u00e7\u00fcn \u015f\u0259rtdir. Dezinfeksiya zaman\u0131 onlar\u0131n \u00fcz\u0259rind\u0259 m\u0259skunla\u015fm\u0131\u015f bakteriya v\u0259 h\u0259\u015f\u0259ratlar m\u0259hv edilir. Bu, h\u0259m t\u0259mizlik, h\u0259m d\u0259 infeksiyalardan qorunmaq \u00fc\u00e7\u00fcn \u00f6n\u0259mlidir.<\/div> <!-- description --><\/div> <!-- porto-sicon-box --><\/div>[\/vc_column_inner][\/vc_row_inner][\/vc_column][\/vc_row][vc_row wrap_container=&#8221;yes&#8221; is_section=&#8221;yes&#8221; section_skin=&#8221;parallax&#8221; remove_margin_top=&#8221;yes&#8221; remove_margin_bottom=&#8221;yes&#8221; css=&#8221;.vc_custom_1467256657300{background-image: url() !important;}&#8221;][vc_column][vc_custom_heading text=&#8221;Bizim <strong>M\u00fc\u015ft\u0259ril\u0259r<\/strong>&#8221; font_container=&#8221;tag:h2|text_align:center&#8221; use_theme_fonts=&#8221;yes&#8221; el_class=&#8221;m-t-md&#8221;][vc_row_inner][vc_column_inner width=&#8221;1\/12&#8243;]<br \/>\n[\/vc_column_inner][vc_column_inner width=&#8221;5\/6&#8243;]<div class=\"porto-carousel owl-carousel  m-b-none\" data-plugin-options=\"{&quot;stagePadding&quot;:0,&quot;margin&quot;:0,&quot;autoplay&quot;:&quot;yes&quot;,&quot;autoplayTimeout&quot;:10000,&quot;autoplayHoverPause&quot;:false,&quot;items&quot;:1,&quot;lg&quot;:1,&quot;md&quot;:1,&quot;sm&quot;:1,&quot;xs&quot;:1,&quot;nav&quot;:false,&quot;dots&quot;:&quot;yes&quot;,&quot;animateIn&quot;:&quot;&quot;,&quot;animateOut&quot;:&quot;&quot;,&quot;loop&quot;:&quot;yes&quot;,&quot;center&quot;:false,&quot;video&quot;:false,&quot;lazyLoad&quot;:false,&quot;fullscreen&quot;:false}\"><div class=\"porto-testimonial wpb_content_element \"><div class=\"testimonial testimonial-style-2 testimonial-with-quotes\"><img decoding=\"async\" class=\"img-responsive img-circle\" src=\"\/\/paos.az\/wp-content\/uploads\/2018\/06\/download.jpg\" alt=\"Emin S\u0259f\u0259rov\"><blockquote class=\"testimonial-carousel \"><p>&#8220;Silk Vey Vest&#8221; Avia\u015firk\u0259ti MMC-nin &#8220;SW TECHNICS&#8221; filial\u0131 olaraq, &#8220;PAOS&#8221; Pest Control \u015eirk\u0259ti il\u0259 2017-ci ilin may ay\u0131ndan etibar\u0259n \u0259m\u0259kda\u015fl\u0131q edirik. \u018fm\u0259kda\u015fl\u0131q etdiyimiz m\u00fcdd\u0259t \u0259rzind\u0259 t\u0259l\u0259bimiz \u00fczr\u0259 infeksiya \u0259leyhin\u0259 \u0259ks-epidemik t\u0259dbirl\u0259r (dezinfeksiya, deratizasiya v\u0259 dezinseksiya) &#8220;PAOS&#8221; Pest Control \u015eirk\u0259ti t\u0259r\u0259find\u0259n h\u0259yata ke\u00e7irilmi\u015fdir.<\/p>\n<p>Pest Control xidm\u0259ti il\u0259 ba\u011fl\u0131 t\u0259dbirl\u0259r \u0259vv\u0259lc\u0259d\u0259n haz\u0131rlanm\u0131\u015f i\u015f qrafikin\u0259 uy\u011fun vaxt\u0131-vaxt\u0131nda, keyfiyy\u0259tl\u0259 yerin\u0259 yetirilmi\u015fdir. Bu m\u00fcdd\u0259t \u0259rzind\u0259 &#8220;PAOS&#8221; Pest Control \u015firk\u0259tinin\u00a0xidm\u0259tl\u0259rind\u0259n naraz\u0131 qalmam\u0131\u015f\u0131q v\u0259 i\u015f\u00e7i hey\u0259tinin xidm\u0259t s\u0259viyy\u0259si t\u0259r\u0259fimizd\u0259n y\u00fcks\u0259k qiym\u0259tl\u0259ndirilir.<\/p><\/blockquote><div class=\"testimonial-author\"><p><strong>Emin S\u0259f\u0259rov<\/strong><span>\u0130cra\u00e7\u0131 direktor - Silkway Technics<\/span><\/p><\/div><\/div><\/div><div class=\"porto-testimonial wpb_content_element \"><div class=\"testimonial testimonial-style-2 testimonial-with-quotes\"><img decoding=\"async\" class=\"img-responsive img-circle\" src=\"\/\/paos.az\/wp-content\/uploads\/2018\/06\/logo_bagca_new.png\" alt=\"Rasif D\u00fcnyamal\u0131yev\"><blockquote class=\"testimonial-carousel \"><p>Biz &#8220;EDU Co.&#8221; MMC olaraq, &#8220;PAOS&#8221; Pest Control \u015firk\u0259ti il\u0259 2014-c\u00fc ilin dekabr ay\u0131ndan\u00a0etibar\u0259n \u0259m\u0259kda\u015fl\u0131q edirik. \u018fm\u0259kda\u015fl\u0131q etdiyimiz m\u00fcdd\u0259t \u0259rzind\u0259 &#8220;EDU Co.&#8221; \u015firk\u0259ti t\u0259r\u0259find\u0259n idar\u0259 edil\u0259n b\u00fct\u00fcn u\u015faq ba\u011f\u00e7as\u0131 v\u0259 t\u0259hsil m\u00fc\u0259ssis\u0259l\u0259rimiz \u015firk\u0259tin t\u0259l\u0259bi \u00fczr\u0259 infeksiya \u0259leyhin\u0259 \u0259ks-epidemik t\u0259dbirl\u0259r (dezinfeksiya, deratizasiya v\u0259 dezinseksiya) &#8220;PAOS&#8221; Pest Control \u015firk\u0259ti<br \/>\nt\u0259r\u0259find\u0259n h\u0259yata ke\u00e7irilmi\u015f v\u0259 xidm\u0259t s\u0259viyy\u0259si t\u0259r\u0259fimizd\u0259n y\u00fcks\u0259k qiym\u0259tl\u0259ndirilmi\u015fdir.<\/p>\n<p>Biz, &#8220;PAOS&#8221; Pest Control \u015firk\u0259tin\u0259 g\u00f6st\u0259rdikl\u0259ri keyfiyy\u0259tli, t\u0259hl\u00fck\u0259siz xidm\u0259t v\u0259 \u0259m\u0259kda\u015fl\u0131\u011fa g\u00f6r\u0259 t\u0259\u015f\u0259kk\u00fcr\u00fcm\u00fcz\u00fc bildirir v\u0259 dig\u0259r \u015firk\u0259tl\u0259r\u0259 d\u0259 onlarla \u0259m\u0259kda\u015fl\u0131q etm\u0259yi t\u00f6vsiyy\u0259 edirik.<\/p><\/blockquote><div class=\"testimonial-author\"><p><strong>Rasif D\u00fcnyamal\u0131yev<\/strong><span>Direktor - Edu Co<\/span><\/p><\/div><\/div><\/div><\/div>[\/vc_column_inner][vc_column_inner width=&#8221;1\/12&#8243;]<br \/>\n[\/vc_column_inner][\/vc_row_inner][\/vc_column][\/vc_row][vc_row wrap_container=&#8221;yes&#8221; is_section=&#8221;yes&#8221; section_skin=&#8221;parallax&#8221; remove_margin_top=&#8221;yes&#8221; remove_margin_bottom=&#8221;yes&#8221; remove_padding_bottom=&#8221;yes&#8221; remove_border=&#8221;yes&#8221;][vc_column]<div class=\"porto-carousel owl-carousel  m-t\" data-plugin-options=\"{&quot;stagePadding&quot;:0,&quot;margin&quot;:0,&quot;autoplay&quot;:&quot;yes&quot;,&quot;autoplayTimeout&quot;:5000,&quot;autoplayHoverPause&quot;:false,&quot;items&quot;:6,&quot;lg&quot;:4,&quot;md&quot;:3,&quot;sm&quot;:2,&quot;xs&quot;:1,&quot;nav&quot;:false,&quot;dots&quot;:&quot;yes&quot;,&quot;animateIn&quot;:&quot;&quot;,&quot;animateOut&quot;:&quot;&quot;,&quot;loop&quot;:&quot;yes&quot;,&quot;center&quot;:false,&quot;video&quot;:false,&quot;lazyLoad&quot;:false,&quot;fullscreen&quot;:false}\">[vc_single_image image=&#8221;670&#8243; img_size=&#8221;&#8221; alignment=&#8221;center&#8221; onclick=&#8221;custom_link&#8221; link=&#8221;#&#8221;][vc_single_image image=&#8221;658&#8243; img_size=&#8221;&#8221; alignment=&#8221;center&#8221; onclick=&#8221;custom_link&#8221; link=&#8221;#&#8221;][vc_single_image image=&#8221;659&#8243; img_size=&#8221;&#8221; alignment=&#8221;center&#8221; onclick=&#8221;custom_link&#8221; link=&#8221;#&#8221;][vc_single_image image=&#8221;660&#8243; img_size=&#8221;&#8221; alignment=&#8221;center&#8221; onclick=&#8221;custom_link&#8221; link=&#8221;#&#8221;][vc_single_image image=&#8221;661&#8243; img_size=&#8221;&#8221; alignment=&#8221;center&#8221; onclick=&#8221;custom_link&#8221; link=&#8221;#&#8221;][vc_single_image image=&#8221;662&#8243; img_size=&#8221;&#8221; alignment=&#8221;center&#8221; onclick=&#8221;custom_link&#8221; link=&#8221;#&#8221;][vc_single_image image=&#8221;663&#8243; img_size=&#8221;&#8221; alignment=&#8221;center&#8221; onclick=&#8221;custom_link&#8221; link=&#8221;#&#8221;][vc_single_image image=&#8221;664&#8243; img_size=&#8221;&#8221; alignment=&#8221;center&#8221; onclick=&#8221;custom_link&#8221; link=&#8221;#&#8221;][vc_single_image image=&#8221;666&#8243; img_size=&#8221;&#8221; alignment=&#8221;center&#8221; onclick=&#8221;custom_link&#8221; link=&#8221;#&#8221;][vc_single_image image=&#8221;667&#8243; img_size=&#8221;&#8221; alignment=&#8221;center&#8221; onclick=&#8221;custom_link&#8221; link=&#8221;#&#8221;][vc_single_image image=&#8221;900&#8243; img_size=&#8221;&#8221; alignment=&#8221;center&#8221; onclick=&#8221;custom_link&#8221; link=&#8221;#&#8221;][vc_single_image image=&#8221;899&#8243; img_size=&#8221;&#8221; alignment=&#8221;center&#8221; onclick=&#8221;custom_link&#8221; link=&#8221;#&#8221;][vc_single_image image=&#8221;931&#8243; img_size=&#8221;&#8221; alignment=&#8221;center&#8221; onclick=&#8221;custom_link&#8221; link=&#8221;#&#8221;][vc_single_image image=&#8221;895&#8243; img_size=&#8221;&#8221; alignment=&#8221;center&#8221; onclick=&#8221;custom_link&#8221; link=&#8221;#&#8221;][vc_single_image image=&#8221;894&#8243; img_size=&#8221;&#8221; alignment=&#8221;center&#8221; onclick=&#8221;custom_link&#8221; link=&#8221;#&#8221;][vc_single_image image=&#8221;912&#8243; img_size=&#8221;&#8221; alignment=&#8221;center&#8221; onclick=&#8221;custom_link&#8221; link=&#8221;#&#8221;][vc_single_image image=&#8221;892&#8243; img_size=&#8221;&#8221; alignment=&#8221;center&#8221; onclick=&#8221;custom_link&#8221; link=&#8221;#&#8221;][vc_single_image image=&#8221;933&#8243; img_size=&#8221;&#8221; alignment=&#8221;center&#8221; onclick=&#8221;custom_link&#8221; link=&#8221;#&#8221;][vc_single_image image=&#8221;890&#8243; img_size=&#8221;&#8221; alignment=&#8221;center&#8221; onclick=&#8221;custom_link&#8221; link=&#8221;#&#8221;][vc_single_image image=&#8221;668&#8243; img_size=&#8221;&#8221; alignment=&#8221;center&#8221; onclick=&#8221;custom_link&#8221; link=&#8221;#&#8221;][vc_single_image image=&#8221;901&#8243; img_size=&#8221;&#8221; alignment=&#8221;center&#8221; onclick=&#8221;custom_link&#8221; link=&#8221;#&#8221;][vc_single_image image=&#8221;902&#8243; img_size=&#8221;&#8221; alignment=&#8221;center&#8221; onclick=&#8221;custom_link&#8221; link=&#8221;#&#8221;][vc_single_image image=&#8221;903&#8243; img_size=&#8221;&#8221; alignment=&#8221;center&#8221; onclick=&#8221;custom_link&#8221; link=&#8221;#&#8221;][vc_single_image image=&#8221;904&#8243; img_size=&#8221;&#8221; alignment=&#8221;center&#8221; onclick=&#8221;custom_link&#8221; link=&#8221;#&#8221;][vc_single_image image=&#8221;905&#8243; img_size=&#8221;&#8221; alignment=&#8221;center&#8221; onclick=&#8221;custom_link&#8221; link=&#8221;#&#8221;][vc_single_image image=&#8221;934&#8243; img_size=&#8221;&#8221; alignment=&#8221;center&#8221; onclick=&#8221;custom_link&#8221; link=&#8221;#&#8221;][vc_single_image image=&#8221;907&#8243; img_size=&#8221;&#8221; alignment=&#8221;center&#8221; onclick=&#8221;custom_link&#8221; link=&#8221;#&#8221;][vc_single_image image=&#8221;888&#8243; img_size=&#8221;&#8221; alignment=&#8221;center&#8221; onclick=&#8221;custom_link&#8221; link=&#8221;#&#8221;][vc_single_image image=&#8221;887&#8243; img_size=&#8221;&#8221; alignment=&#8221;center&#8221; onclick=&#8221;custom_link&#8221; link=&#8221;#&#8221;][vc_single_image image=&#8221;886&#8243; img_size=&#8221;&#8221; alignment=&#8221;center&#8221; onclick=&#8221;custom_link&#8221; link=&#8221;#&#8221;][vc_single_image image=&#8221;885&#8243; img_size=&#8221;&#8221; alignment=&#8221;center&#8221; onclick=&#8221;custom_link&#8221; link=&#8221;#&#8221;][vc_single_image image=&#8221;884&#8243; img_size=&#8221;&#8221; alignment=&#8221;center&#8221; onclick=&#8221;custom_link&#8221; link=&#8221;#&#8221;][vc_single_image image=&#8221;883&#8243; img_size=&#8221;&#8221; alignment=&#8221;center&#8221; onclick=&#8221;custom_link&#8221; link=&#8221;#&#8221;][vc_single_image image=&#8221;935&#8243; img_size=&#8221;&#8221; alignment=&#8221;center&#8221; onclick=&#8221;custom_link&#8221; link=&#8221;#&#8221;][vc_single_image image=&#8221;936&#8243; img_size=&#8221;&#8221; alignment=&#8221;center&#8221; onclick=&#8221;custom_link&#8221; link=&#8221;#&#8221;][vc_single_image image=&#8221;880&#8243; img_size=&#8221;&#8221; alignment=&#8221;center&#8221; onclick=&#8221;custom_link&#8221; link=&#8221;#&#8221;][vc_single_image image=&#8221;949&#8243; img_size=&#8221;&#8221; alignment=&#8221;center&#8221; onclick=&#8221;custom_link&#8221; link=&#8221;#&#8221;][vc_single_image image=&#8221;878&#8243; img_size=&#8221;&#8221; alignment=&#8221;center&#8221; onclick=&#8221;custom_link&#8221; link=&#8221;#&#8221;][vc_single_image image=&#8221;877&#8243; img_size=&#8221;&#8221; alignment=&#8221;center&#8221; onclick=&#8221;custom_link&#8221; link=&#8221;#&#8221;][vc_single_image image=&#8221;938&#8243; img_size=&#8221;&#8221; alignment=&#8221;center&#8221; onclick=&#8221;custom_link&#8221; link=&#8221;#&#8221;][vc_single_image image=&#8221;874&#8243; img_size=&#8221;&#8221; alignment=&#8221;center&#8221; onclick=&#8221;custom_link&#8221; link=&#8221;#&#8221;][vc_single_image image=&#8221;873&#8243; img_size=&#8221;&#8221; alignment=&#8221;center&#8221; onclick=&#8221;custom_link&#8221; link=&#8221;#&#8221;][vc_single_image image=&#8221;871&#8243; img_size=&#8221;&#8221; alignment=&#8221;center&#8221; onclick=&#8221;custom_link&#8221; link=&#8221;#&#8221;][vc_single_image image=&#8221;870&#8243; img_size=&#8221;&#8221; alignment=&#8221;center&#8221; onclick=&#8221;custom_link&#8221; link=&#8221;#&#8221;][vc_single_image image=&#8221;869&#8243; img_size=&#8221;&#8221; alignment=&#8221;center&#8221; onclick=&#8221;custom_link&#8221; link=&#8221;#&#8221;][vc_single_image image=&#8221;868&#8243; img_size=&#8221;&#8221; alignment=&#8221;center&#8221; onclick=&#8221;custom_link&#8221; link=&#8221;#&#8221;][vc_single_image image=&#8221;867&#8243; img_size=&#8221;&#8221; alignment=&#8221;center&#8221; onclick=&#8221;custom_link&#8221; link=&#8221;#&#8221;][vc_single_image image=&#8221;864&#8243; img_size=&#8221;&#8221; alignment=&#8221;center&#8221; onclick=&#8221;custom_link&#8221; link=&#8221;#&#8221;][vc_single_image image=&#8221;863&#8243; img_size=&#8221;&#8221; alignment=&#8221;center&#8221; onclick=&#8221;custom_link&#8221; link=&#8221;#&#8221;][vc_single_image image=&#8221;862&#8243; img_size=&#8221;&#8221; alignment=&#8221;center&#8221; onclick=&#8221;custom_link&#8221; link=&#8221;#&#8221;][vc_single_image image=&#8221;861&#8243; img_size=&#8221;&#8221; alignment=&#8221;center&#8221; onclick=&#8221;custom_link&#8221; link=&#8221;#&#8221;][vc_single_image image=&#8221;860&#8243; img_size=&#8221;&#8221; alignment=&#8221;center&#8221; onclick=&#8221;custom_link&#8221; link=&#8221;#&#8221;][vc_single_image image=&#8221;939&#8243; img_size=&#8221;&#8221; alignment=&#8221;center&#8221; onclick=&#8221;custom_link&#8221; link=&#8221;#&#8221;]<\/div>[\/vc_column][\/vc_row][vc_row full_width=&#8221;stretch_row&#8221; disable_element=&#8221;yes&#8221; is_section=&#8221;yes&#8221; section_skin=&#8221;parallax&#8221; remove_margin_top=&#8221;yes&#8221; remove_margin_bottom=&#8221;yes&#8221; remove_padding_top=&#8221;yes&#8221; remove_padding_bottom=&#8221;yes&#8221;][vc_column]<div class=\"porto-map-section \" style=\"background-image:url();\"><section class=\"map-content\" style=\"min-height:200px\"><div class=\"container\"><\/div><\/section><\/div>[\/vc_column][\/vc_row]<\/p>","protected":false},"excerpt":{"rendered":"<p>[vc_row css=&#8221;.vc_custom_1528236484587{margin-right: -60px !important;margin-left: -50px !important;}&#8221;][vc_column][rev_slider_vc alias=&#8221;f-2&#8243;][\/vc_column][\/vc_row][vc_row full_width=&#8221;stretch_row&#8221; disable_element=&#8221;yes&#8221; wrap_container=&#8221;yes&#8221; el_class=&#8221;home-intro&#8221; css=&#8221;.vc_custom_1526713254589{background-color: #3a3a3a !important;}&#8221;][vc_column width=&#8221;2\/3&#8243;][vc_column_text el_class=&#8221;m-b-none&#8221;] The fastest way to grow your business with the leader in Technology Check out our options and features included. [\/vc_column_text][\/vc_column][vc_column width=&#8221;1\/3&#8243; el_class=&#8221;get-started&#8221;][vc_btn title=&#8221;Get Started Now!&#8221; size=&#8221;lg&#8221; skin=&#8221;primary&#8221; link=&#8221;url:%23|||&#8221; el_class=&#8221;m-b-none&#8221;][vc_column_text el_class=&#8221;m-b-none learn-more&#8221;] or learn more. [\/vc_column_text][\/vc_column][\/vc_row][vc_row wrap_container=&#8221;yes&#8221; is_section=&#8221;yes&#8221; section_skin=&#8221;parallax&#8221; remove_margin_top=&#8221;yes&#8221; [&hellip;]<\/p>\n","protected":false},"author":1,"featured_media":0,"parent":0,"menu_order":0,"comment_status":"closed","ping_status":"closed","template":"","meta":{"_mi_skip_tracking":false,"footnotes":""},"yst_prominent_words":[112,117,106,116,105,113,115,104,110,101,81,102,83,108,111,140,107,114,103],"_links":{"self":[{"href":"https:\/\/paos.az\/az\/wp-json\/wp\/v2\/pages\/143"}],"collection":[{"href":"https:\/\/paos.az\/az\/wp-json\/wp\/v2\/pages"}],"about":[{"href":"https:\/\/paos.az\/az\/wp-json\/wp\/v2\/types\/page"}],"author":[{"embeddable":true,"href":"https:\/\/paos.az\/az\/wp-json\/wp\/v2\/users\/1"}],"replies":[{"embeddable":true,"href":"https:\/\/paos.az\/az\/wp-json\/wp\/v2\/comments?post=143"}],"version-history":[{"count":129,"href":"https:\/\/paos.az\/az\/wp-json\/wp\/v2\/pages\/143\/revisions"}],"predecessor-version":[{"id":1090,"href":"https:\/\/paos.az\/az\/wp-json\/wp\/v2\/pages\/143\/revisions\/1090"}],"wp:attachment":[{"href":"https:\/\/paos.az\/az\/wp-json\/wp\/v2\/media?parent=143"}],"wp:term":[{"taxonomy":"yst_prominent_words","embeddable":true,"href":"https:\/\/paos.az\/az\/wp-json\/wp\/v2\/yst_prominent_words?post=143"}],"curies":[{"name":"wp","href":"https:\/\/api.w.org\/{rel}","templated":true}]}}